{"id":131,"date":"2020-03-14T13:05:14","date_gmt":"2020-03-14T13:05:14","guid":{"rendered":"https:\/\/www.ssvkitzingen.de\/?page_id=131"},"modified":"2026-02-25T12:11:37","modified_gmt":"2026-02-25T12:11:37","slug":"unsere-vorstandschaft","status":"publish","type":"page","link":"https:\/\/www.ssvkitzingen.de\/?page_id=131","title":{"rendered":"Unsere Vorstandschaft"},"content":{"rendered":"\n<figure class=\"wp-block-table aligncenter\"><table><tbody><tr><td>1. Vorsitzender:<\/td><td><\/td><td class=\"has-text-align-left\" data-align=\"left\">Christopher Soldner<\/td><\/tr><tr><td>2. Vorsitzender:<\/td><td><\/td><td class=\"has-text-align-left\" data-align=\"left\">Steffen Metz<\/td><\/tr><tr><td>3. Vorsitzender:<\/td><td><\/td><td class=\"has-text-align-left\" data-align=\"left\">J\u00fcrgen Ketturkat<\/td><\/tr><tr><td>Hauptkassier:<\/td><td><\/td><td class=\"has-text-align-left\" data-align=\"left\">Nico Karwath<\/td><\/tr><tr><td>Schriftf\u00fchrer:<\/td><td><\/td><td class=\"has-text-align-left\" data-align=\"left\">Michael K\u00fcmmel<\/td><\/tr><tr><td>Sportleiter:<\/td><td><\/td><td class=\"has-text-align-left\" data-align=\"left\">Domink Niedermeyer<\/td><\/tr><tr><td>Jugendleiter:<\/td><td><\/td><td class=\"has-text-align-left\" data-align=\"left\">Dominik Held<\/td><\/tr><tr><td>Stv. Jugendleiter:<\/td><td><\/td><td class=\"has-text-align-left\" data-align=\"left\">Bernd Wenkheimer<\/td><\/tr><tr><td>Veranstalt.wart:<\/td><td><\/td><td class=\"has-text-align-left\" data-align=\"left\">Dennis Ketturkat, Marcel Danner<\/td><\/tr><tr><td>Kassenrevisoren:<\/td><td><\/td><td class=\"has-text-align-left\" data-align=\"left\">Robert Heinkel, Ralf Machwart<\/td><\/tr><tr><td>Beisitzer:<\/td><td><\/td><td class=\"has-text-align-left\" data-align=\"left\">Mathias Rumpel, David Bartsch, Marcel Weltner<\/td><\/tr><\/tbody><\/table><\/figure>\n","protected":false},"excerpt":{"rendered":"<p>1. Vorsitzender: Christopher Soldner 2. Vorsitzender: Steffen Metz 3. Vorsitzender: J\u00fcrgen Ketturkat Hauptkassier: Nico Karwath Schriftf\u00fchrer: Michael K\u00fcmmel Sportleiter: Domink Niedermeyer Jugendleiter: Dominik Held Stv. Jugendleiter: Bernd Wenkheimer Veranstalt.wart: Dennis Ketturkat, Marcel Danner Kassenrevisoren: Robert[&#8230;]<\/p>\n","protected":false},"author":1,"featured_media":0,"parent":0,"menu_order":0,"comment_status":"closed","ping_status":"closed","template":"","meta":{"footnotes":""},"class_list":["post-131","page","type-page","status-publish","hentry"],"_links":{"self":[{"href":"https:\/\/www.ssvkitzingen.de\/index.php?rest_route=\/wp\/v2\/pages\/131","targetHints":{"allow":["GET"]}}],"collection":[{"href":"https:\/\/www.ssvkitzingen.de\/index.php?rest_route=\/wp\/v2\/pages"}],"about":[{"href":"https:\/\/www.ssvkitzingen.de\/index.php?rest_route=\/wp\/v2\/types\/page"}],"author":[{"embeddable":true,"href":"https:\/\/www.ssvkitzingen.de\/index.php?rest_route=\/wp\/v2\/users\/1"}],"replies":[{"embeddable":true,"href":"https:\/\/www.ssvkitzingen.de\/index.php?rest_route=%2Fwp%2Fv2%2Fcomments&post=131"}],"version-history":[{"count":12,"href":"https:\/\/www.ssvkitzingen.de\/index.php?rest_route=\/wp\/v2\/pages\/131\/revisions"}],"predecessor-version":[{"id":611,"href":"https:\/\/www.ssvkitzingen.de\/index.php?rest_route=\/wp\/v2\/pages\/131\/revisions\/611"}],"wp:attachment":[{"href":"https:\/\/www.ssvkitzingen.de\/index.php?rest_route=%2Fwp%2Fv2%2Fmedia&parent=131"}],"curies":[{"name":"wp","href":"https:\/\/api.w.org\/{rel}","templated":true}]}}