{"id":71,"date":"2020-03-14T10:08:18","date_gmt":"2020-03-14T10:08:18","guid":{"rendered":"https:\/\/h119771.web172.dogado.net\/?page_id=71"},"modified":"2020-03-17T10:39:06","modified_gmt":"2020-03-17T10:39:06","slug":"impressum-und-datenschutz","status":"publish","type":"page","link":"https:\/\/www.ssvkitzingen.de\/?page_id=71","title":{"rendered":"Impressum und Datenschutz"},"content":{"rendered":"\n<h2 class=\"wp-block-heading\">Siedler Sport Verein<\/h2>\n\n\n\n<p>Egerl\u00e4nder Str. 18<\/p>\n\n\n\n<p>97318 Kitzingen<\/p>\n\n\n\n<p> Tel: 09321-37491 <\/p>\n\n\n\n<p><strong>Datenschutzerkl\u00e4rung<\/strong><\/p>\n\n\n\n<p>Die nachfolgende Datenschutzerkl\u00e4rung gilt f\u00fcr die Nutzung unseres Online-Angebots <em>[www.ssvkitzingen.de<\/em>).<\/p>\n\n\n\n<p>Wir messen dem Datenschutz gro\u00dfe\nBedeutung bei. Die Erhebung und Verarbeitung Ihrer personenbezogenen\nDaten geschieht unter Beachtung der geltenden datenschutzrechtlichen\nVorschriften, insbesondere der Datenschutzgrundverordnung (DSGVO).<\/p>\n\n\n\n<h1 class=\"wp-block-heading\">1Verantwortlicher<\/h1>\n\n\n\n<p>Verantwortlicher\nf\u00fcr die Erhebung, Verarbeitung und Nutzung Ihrer personenbezogenen\nDaten im Sinne von Art. 4 Nr. 7 DSGVO ist<\/p>\n\n\n\n<p>Siedler Sport Verein Kitzingen, Egerl\u00e4nder Str. 18, 97318 Kitzingen<\/p>\n\n\n\n<p>Sofern Sie der Erhebung, Verarbeitung\noder Nutzung Ihrer Daten durch uns nach Ma\u00dfgabe dieser\nDatenschutzbestimmungen insgesamt oder f\u00fcr einzelne Ma\u00dfnahmen\nwidersprechen wollen, k\u00f6nnen Sie Ihren Widerspruch an\nden Verantwortlichen richten.<\/p>\n\n\n\n<p>Sie k\u00f6nnen diese Datenschutzerkl\u00e4rung\njederzeit speichern und ausdrucken.<\/p>\n\n\n\n<h1 class=\"wp-block-heading\">2Allgemeine Zwecke der Verarbeitung<\/h1>\n\n\n\n<p>Wir verwenden personenbezogene Daten zum Zweck des Betriebs der Website<\/p>\n\n\n\n<h1 class=\"wp-block-heading\">3Welche Daten wir verwenden und\nwarum<\/h1>\n\n\n\n<h2 class=\"wp-block-heading\">3.1Hosting<\/h2>\n\n\n\n<p>Die von uns in Anspruch genommenen\nHosting-Leistungen dienen der Zurverf\u00fcgungstellung der folgenden\nLeistungen: Infrastruktur- und Plattformdienstleistungen,\nRechenkapazit\u00e4t, Speicherplatz und Datenbankdienste,\nSicherheitsleistungen sowie technische Wartungsleistungen, die wir\nzum Zweck des Betriebs der Website\neinsetzen.<\/p>\n\n\n\n<p>Hierbei verarbeiten wir, bzw. unser\nHostinganbieter Bestandsdaten, Kontaktdaten, Inhaltsdaten,\nVertragsdaten, Nutzungsdaten, Meta- und Kommunikationsdaten von\nKunden, Interessenten und Besuchern dieser Website\nauf Grundlage unserer berechtigten Interessen an einer effizienten\nund sicheren Zurverf\u00fcgungstellung unserer\nWebsite gem. Art. <a href=\"https:\/\/dejure.org\/gesetze\/DSGVO\/6.html\">6<\/a>\nAbs. 1 S. 1 f)\nDSGVO i.V.m. Art. <a href=\"https:\/\/dejure.org\/gesetze\/DSGVO\/28.html\">28<\/a>\nDSGVO.<\/p>\n\n\n\n<h2 class=\"wp-block-heading\">3.2Zugriffsdaten<\/h2>\n\n\n\n<p>Wir sammeln Informationen \u00fcber Sie,\nwenn Sie diese Website nutzen. Wir erfassen automatisch Informationen\n\u00fcber Ihr Nutzungsverhalten und Ihre Interaktion mit uns\nund registrieren Daten zu Ihrem Computer oder Mobilger\u00e4t. Wir\nerheben, speichern und nutzen Daten \u00fcber jeden Zugriff auf unsere\nWebsite (sogenannte Serverlogfiles). Zu den\nZugriffsdaten geh\u00f6ren:<\/p>\n\n\n\n<ul class=\"wp-block-list\"><li>Name und URL der abgerufenen Datei\n\t<\/li><li>Datum und Uhrzeit des Abrufs\n\t<\/li><li>\u00fcbertragene Datenmenge\n\t<\/li><li>Meldung \u00fcber erfolgreichen Abruf\n\t(HTTP response code)\n\t<\/li><li>Browsertyp und Browserversion\n\t<\/li><li>Betriebssystem\n\t<\/li><li>Referer URL\n\t(d.h. die zuvor besuchte Seite)\n\t<\/li><li>Websites, die vom System des\n\tNutzers \u00fcber unsere Website aufgerufen werden\n\t<\/li><li>Internet-Service-Provider des\n\tNutzers\n\t<\/li><li>IP-Adresse und der anfragende\n\tProvider\n<\/li><\/ul>\n\n\n\n<p>Wir nutzen diese Protokolldaten ohne\nZuordnung zu Ihrer Person oder sonstiger Profilerstellung f\u00fcr\nstatistische Auswertungen zum Zweck des Betriebs, der Sicherheit und\nder Optimierung unserer Website,\naber auch zur anonymen Erfassung der Anzahl der Besucher auf unserer\nWebsite (traffic) sowie zum Umfang und zur\nArt der Nutzung unserer Website und Dienste, ebenso zu\nAbrechnungszwecken, um die Anzahl der von Kooperationspartnern\nerhaltenen Clicks zu messen. Aufgrund dieser Informationen k\u00f6nnen\nwir personalisierte und standortbezogene Inhalte zur Verf\u00fcgung\nstellen und den Datenverkehr analysieren, Fehler suchen und beheben\nund unsere Dienste verbessern.<\/p>\n\n\n\n<p>Hierin liegt auch\nunser berechtigtes Interesse gem\u00e4\u00df Art 6 Abs. 1 S. 1 f) DSGVO.<\/p>\n\n\n\n<p>Wir behalten uns vor, die\nProtokolldaten nachtr\u00e4glich zu \u00fcberpr\u00fcfen, wenn aufgrund konkreter\nAnhaltspunkte der berechtigte Verdacht einer rechtswidrigen Nutzung\nbesteht. IP-Adressen speichern wir f\u00fcr einen begrenzten Zeitraum in\nden Logfiles, wenn dies f\u00fcr Sicherheitszwecke erforderlich oder f\u00fcr\ndie Leistungserbringung oder die Abrechnung einer Leistung n\u00f6tig\nist, z. B. wenn Sie eines unserer Angebote\nnutzen. Nach Abbruch des Vorgangs der Bestellung oder nach\nZahlungseingang l\u00f6schen wir die IP-Adresse, wenn diese f\u00fcr\nSicherheitszwecke nicht mehr erforderlich ist.\nIP-Adressen speichern wir auch dann, wenn wir den konkreten Verdacht\neiner Straftat im Zusammenhang mit der Nutzung unserer Website haben.\nAu\u00dferdem speichern wir als Teil Ihres Accounts das Datum Ihres\nletzten Besuchs (z.B. bei Registrierung, Login, Klicken von Links\netc.).<\/p>\n\n\n\n<h2 class=\"wp-block-heading\">3.3Cookies<\/h2>\n\n\n\n<p>Wir verwenden sogenannte\nSession-Cookies, um unsere Website\nzu optimieren. Ein Session-Cookie ist eine kleine Textdatei,\ndie von den jeweiligen Servern beim Besuch einer Internetseite\nverschickt und auf Ihrer Festplatte zwischengespeichert wird. Diese\nDatei als solche enth\u00e4lt eine\nsogenannte Session-ID, mit welcher sich verschiedene Anfragen Ihres\nBrowsers der gemeinsamen Sitzung zuordnen lassen. Dadurch kann\nIhr Rechner wiedererkannt werden, wenn Sie\nauf unsere Website zur\u00fcckkehren. Diese Cookies werden gel\u00f6scht,\nnachdem Sie Ihren Browser schlie\u00dfen. Sie dienen z. B. dazu, dass Sie\ndie Warenkorbfunktion \u00fcber mehrere Seiten hinweg nutzen k\u00f6nnen.<\/p>\n\n\n\n<p>Wir verwenden in geringem Umfang auch\npersistente Cookies (ebenfalls kleine Textdateien, die auf Ihrem\nEndger\u00e4t abgelegt werden), die auf Ihrem Endger\u00e4t verbleiben und es\nuns erm\u00f6glichen, Ihren Browser beim n\u00e4chsten Besuch\nwiederzuerkennen. Diese Cookies werden auf Ihrer Festplatte\ngespeichert und l\u00f6schen sich nach der vorgegebenen Zeit von allein.\nIhre Lebensdauer betr\u00e4gt 1 Monat bis 10 Jahre.\nSo k\u00f6nnen wir Ihnen unser Angebot nutzerfreundlicher, effektiver und\nsicherer pr\u00e4sentieren und Ihnen\nbeispielsweise speziell auf Ihre Interessen abgestimmte Informationen\nauf der Seite anzeigen.<\/p>\n\n\n\n<p>Unser berechtigtes\nInteresse an der Nutzung der Cookies gem\u00e4\u00df Art 6 Abs. 1 S. 1 f)\nDSGVO liegt darin, unsere Website nutzerfreundlicher, effektiver und\nsicherer zu machen.<\/p>\n\n\n\n<p>In den Cookies werden etwa folgende\nDaten und Informationen gespeichert:<\/p>\n\n\n\n<ul class=\"wp-block-list\"><li>Log-In-Informationen\n\t<\/li><li>Spracheinstellungen\n<\/li><\/ul>\n","protected":false},"excerpt":{"rendered":"<p>Siedler Sport Verein Egerl\u00e4nder Str. 18 97318 Kitzingen Tel: 09321-37491 Datenschutzerkl\u00e4rung Die nachfolgende Datenschutzerkl\u00e4rung gilt f\u00fcr die Nutzung unseres Online-Angebots [www.ssvkitzingen.de). Wir messen dem Datenschutz gro\u00dfe Bedeutung bei. Die Erhebung und Verarbeitung Ihrer personenbezogenen Daten[&#8230;]<\/p>\n","protected":false},"author":1,"featured_media":0,"parent":0,"menu_order":0,"comment_status":"closed","ping_status":"closed","template":"","meta":{"footnotes":""},"class_list":["post-71","page","type-page","status-publish","hentry"],"_links":{"self":[{"href":"https:\/\/www.ssvkitzingen.de\/index.php?rest_route=\/wp\/v2\/pages\/71","targetHints":{"allow":["GET"]}}],"collection":[{"href":"https:\/\/www.ssvkitzingen.de\/index.php?rest_route=\/wp\/v2\/pages"}],"about":[{"href":"https:\/\/www.ssvkitzingen.de\/index.php?rest_route=\/wp\/v2\/types\/page"}],"author":[{"embeddable":true,"href":"https:\/\/www.ssvkitzingen.de\/index.php?rest_route=\/wp\/v2\/users\/1"}],"replies":[{"embeddable":true,"href":"https:\/\/www.ssvkitzingen.de\/index.php?rest_route=%2Fwp%2Fv2%2Fcomments&post=71"}],"version-history":[{"count":2,"href":"https:\/\/www.ssvkitzingen.de\/index.php?rest_route=\/wp\/v2\/pages\/71\/revisions"}],"predecessor-version":[{"id":338,"href":"https:\/\/www.ssvkitzingen.de\/index.php?rest_route=\/wp\/v2\/pages\/71\/revisions\/338"}],"wp:attachment":[{"href":"https:\/\/www.ssvkitzingen.de\/index.php?rest_route=%2Fwp%2Fv2%2Fmedia&parent=71"}],"curies":[{"name":"wp","href":"https:\/\/api.w.org\/{rel}","templated":true}]}}